{"id":936,"date":"2021-05-05T08:28:54","date_gmt":"2021-05-05T08:28:54","guid":{"rendered":"https:\/\/qi85.qodeinteractive.com\/?page_id=936"},"modified":"2023-12-09T15:22:51","modified_gmt":"2023-12-09T14:22:51","slug":"contact","status":"publish","type":"page","link":"https:\/\/yureitattooparlour.com\/index.php\/contact\/","title":{"rendered":"Contact"},"content":{"rendered":"\t\t<div data-elementor-type=\"wp-page\" data-elementor-id=\"936\" class=\"elementor elementor-936\">\n\t\t\t\t\t\t\t\t\t<section class=\"elementor-section elementor-top-section elementor-element elementor-element-66829cb elementor-section-full_width elementor-section-content-middle elementor-section-height-default elementor-section-height-default qodef-elementor-content-no\" data-id=\"66829cb\" data-element_type=\"section\">\n\t\t\t\t\t\t<div class=\"elementor-container elementor-column-gap-default\">\n\t\t\t\t\t<div class=\"elementor-column elementor-col-100 elementor-top-column elementor-element elementor-element-069e773\" data-id=\"069e773\" data-element_type=\"column\">\n\t\t\t<div class=\"elementor-widget-wrap elementor-element-populated\">\n\t\t\t\t\t\t\t\t\t<\/div>\n\t\t<\/div>\n\t\t\t\t\t\t\t<\/div>\n\t\t<\/section>\n\t\t\t\t<section class=\"elementor-section elementor-top-section elementor-element elementor-element-021c975 elementor-section-boxed elementor-section-height-default elementor-section-height-default qodef-elementor-content-no\" data-id=\"021c975\" data-element_type=\"section\">\n\t\t\t\t\t\t<div class=\"elementor-container elementor-column-gap-default\">\n\t\t\t\t\t<div class=\"elementor-column elementor-col-100 elementor-top-column elementor-element elementor-element-1728600\" data-id=\"1728600\" data-element_type=\"column\" data-settings=\"{&quot;background_background&quot;:&quot;classic&quot;}\">\n\t\t\t<div class=\"elementor-widget-wrap elementor-element-populated\">\n\t\t\t\t\t\t\t\t<div class=\"elementor-element elementor-element-0ce730f elementor-widget elementor-widget-text-editor\" data-id=\"0ce730f\" data-element_type=\"widget\" data-widget_type=\"text-editor.default\">\n\t\t\t\t<div class=\"elementor-widget-container\">\n\t\t\t<style>\/*! elementor - v3.8.0 - 30-10-2022 *\/\n.elementor-widget-text-editor.elementor-drop-cap-view-stacked .elementor-drop-cap{background-color:#818a91;color:#fff}.elementor-widget-text-editor.elementor-drop-cap-view-framed .elementor-drop-cap{color:#818a91;border:3px solid;background-color:transparent}.elementor-widget-text-editor:not(.elementor-drop-cap-view-default) .elementor-drop-cap{margin-top:8px}.elementor-widget-text-editor:not(.elementor-drop-cap-view-default) .elementor-drop-cap-letter{width:1em;height:1em}.elementor-widget-text-editor .elementor-drop-cap{float:left;text-align:center;line-height:1;font-size:50px}.elementor-widget-text-editor .elementor-drop-cap-letter{display:inline-block}<\/style>\t\t\t\t<h1>CONTACT<\/h1>\t\t\t\t\t\t<\/div>\n\t\t\t\t<\/div>\n\t\t\t\t<div class=\"elementor-element elementor-element-917746e elementor-widget elementor-widget-wp-widget-forminator_widget\" data-id=\"917746e\" data-element_type=\"widget\" data-widget_type=\"wp-widget-forminator_widget.default\">\n\t\t\t\t<div class=\"elementor-widget-container\">\n\t\t\t<div class=\"forminator-ui forminator-custom-form forminator-custom-form-1868 forminator-design--material forminator-enclosed forminator_ajax\" data-forminator-render=\"0\" data-form=\"forminator-module-1868\" data-uid=\"69f2f2b6c9068\"><br\/><\/div><form\n\t\t\t\tid=\"forminator-module-1868\"\n\t\t\t\tclass=\"forminator-ui forminator-custom-form forminator-custom-form-1868 forminator-design--material forminator-enclosed forminator_ajax\"\n\t\t\t\tmethod=\"post\"\n\t\t\t\tdata-forminator-render=\"0\"\n\t\t\t\tdata-form-id=\"1868\"\n\t\t\t\t\n\t\t\t\tdata-design=\"material\"\n\t\t\t\t\n\t\t\t\t\n\t\t\t\t\n\t\t\t\tdata-grid=\"enclosed\"\n\t\t\t\tenctype=\"multipart\/form-data\"\n\t\t\t\t\n\t\t\t\tstyle=\"display: none;\"\n\t\t\t\t\n\t\t\t\tdata-uid=\"69f2f2b6c9068\"\n\t\t\t><div class=\"forminator-response-message forminator-error\" aria-hidden=\"true\"><\/div><div class=\"forminator-row\"><div id=\"name-1\" class=\"forminator-col forminator-col-12 \"><div class=\"forminator-field\"><label for=\"forminator-field-name-1_69f2f2b6c9068\" class=\"forminator-label\">Pr\u00e9nom <span class=\"forminator-required\">*<\/span><\/label><input type=\"text\" name=\"name-1\" value=\"\" placeholder=\"Par exemple\u00a0: Jean\" id=\"forminator-field-name-1_69f2f2b6c9068\" class=\"forminator-input forminator-name--field\" aria-required=\"true\" \/><\/div><\/div><\/div><div class=\"forminator-row\"><div id=\"email-1\" class=\"forminator-col forminator-col-12 \"><div class=\"forminator-field\"><label for=\"forminator-field-email-1_69f2f2b6c9068\" class=\"forminator-label\">Adresse de messagerie <span class=\"forminator-required\">*<\/span><\/label><input type=\"email\" name=\"email-1\" value=\"\" placeholder=\"Par exemple\u00a0: jacques@martin.com\" id=\"forminator-field-email-1_69f2f2b6c9068\" class=\"forminator-input forminator-email--field\" data-required=\"true\" aria-required=\"true\" \/><\/div><\/div><\/div><div class=\"forminator-row\"><div id=\"checkbox-1\" class=\"forminator-col forminator-col-12 \"><div role=\"group\" class=\"forminator-field\" aria-labelledby=\"forminator-checkbox-group-69f2f2b6c9068-label\"><h4 id=\"forminator-checkbox-group-69f2f2b6c9068-label\" class=\"forminator-label\">premier tatouage <span class=\"forminator-required\">*<\/span><\/h4><label for=\"forminator-field-checkbox-1-1-69f2f2b6c9068\" class=\"forminator-checkbox forminator-checkbox-inline\" title=\"Oui\"><input type=\"checkbox\" name=\"checkbox-1[]\" value=\"Oui\" id=\"forminator-field-checkbox-1-1-69f2f2b6c9068\" data-calculation=\"0\"  \/><span class=\"forminator-checkbox-box\" aria-hidden=\"true\"><\/span><span class=\"forminator-checkbox-label\">Oui<\/span><\/label><label for=\"forminator-field-checkbox-1-2-69f2f2b6c9068\" class=\"forminator-checkbox forminator-checkbox-inline\" title=\"Non\"><input type=\"checkbox\" name=\"checkbox-1[]\" value=\"Non\" id=\"forminator-field-checkbox-1-2-69f2f2b6c9068\" data-calculation=\"0\"  \/><span class=\"forminator-checkbox-box\" aria-hidden=\"true\"><\/span><span class=\"forminator-checkbox-label\">Non<\/span><\/label><\/div><\/div><\/div><div class=\"forminator-row\"><div id=\"checkbox-2\" class=\"forminator-col forminator-col-12 \"><div role=\"group\" class=\"forminator-field\" aria-labelledby=\"forminator-checkbox-group-69f2f2b6c9068-label\"><h4 id=\"forminator-checkbox-group-69f2f2b6c9068-label\" class=\"forminator-label\">D\u00e9j\u00e0 venu <span class=\"forminator-required\">*<\/span><\/h4><label for=\"forminator-field-checkbox-2-1-69f2f2b6c9068\" class=\"forminator-checkbox forminator-checkbox-inline\" title=\"Oui\"><input type=\"checkbox\" name=\"checkbox-2[]\" value=\"Oui\" id=\"forminator-field-checkbox-2-1-69f2f2b6c9068\" data-calculation=\"0\"  \/><span class=\"forminator-checkbox-box\" aria-hidden=\"true\"><\/span><span class=\"forminator-checkbox-label\">Oui<\/span><\/label><label for=\"forminator-field-checkbox-2-2-69f2f2b6c9068\" class=\"forminator-checkbox forminator-checkbox-inline\" title=\"Non\"><input type=\"checkbox\" name=\"checkbox-2[]\" value=\"Non\" id=\"forminator-field-checkbox-2-2-69f2f2b6c9068\" data-calculation=\"0\"  \/><span class=\"forminator-checkbox-box\" aria-hidden=\"true\"><\/span><span class=\"forminator-checkbox-label\">Non<\/span><\/label><\/div><\/div><\/div><div class=\"forminator-row\"><div id=\"checkbox-3\" class=\"forminator-col forminator-col-12 \"><div role=\"group\" class=\"forminator-field\" aria-labelledby=\"forminator-checkbox-group-69f2f2b6c9068-label\"><h4 id=\"forminator-checkbox-group-69f2f2b6c9068-label\" class=\"forminator-label\">Encre <span class=\"forminator-required\">*<\/span><\/h4><label for=\"forminator-field-checkbox-3-1-69f2f2b6c9068\" class=\"forminator-checkbox\" title=\"Noir\"><input type=\"checkbox\" name=\"checkbox-3[]\" value=\"Noir\" id=\"forminator-field-checkbox-3-1-69f2f2b6c9068\" data-calculation=\"0\"  \/><span class=\"forminator-checkbox-box\" aria-hidden=\"true\"><\/span><span class=\"forminator-checkbox-label\">Noir<\/span><\/label><label for=\"forminator-field-checkbox-3-2-69f2f2b6c9068\" class=\"forminator-checkbox\" title=\"Couleur\"><input type=\"checkbox\" name=\"checkbox-3[]\" value=\"Couleur\" id=\"forminator-field-checkbox-3-2-69f2f2b6c9068\" data-calculation=\"0\"  \/><span class=\"forminator-checkbox-box\" aria-hidden=\"true\"><\/span><span class=\"forminator-checkbox-label\">Couleur<\/span><\/label><\/div><\/div><\/div><div class=\"forminator-row\"><div id=\"checkbox-4\" class=\"forminator-col forminator-col-12 \"><div role=\"group\" class=\"forminator-field\" aria-labelledby=\"forminator-checkbox-group-69f2f2b6c9068-label\"><h4 id=\"forminator-checkbox-group-69f2f2b6c9068-label\" class=\"forminator-label\">O\u00f9 <span class=\"forminator-required\">*<\/span><\/h4><label for=\"forminator-field-checkbox-4-1-69f2f2b6c9068\" class=\"forminator-checkbox forminator-checkbox-inline\" title=\"\u00e9paule\"><input type=\"checkbox\" name=\"checkbox-4[]\" value=\"\u00e9paule\" id=\"forminator-field-checkbox-4-1-69f2f2b6c9068\" data-calculation=\"0\"  \/><span class=\"forminator-checkbox-box\" aria-hidden=\"true\"><\/span><span class=\"forminator-checkbox-label\">\u00e9paule<\/span><\/label><label for=\"forminator-field-checkbox-4-2-69f2f2b6c9068\" class=\"forminator-checkbox forminator-checkbox-inline\" title=\"genoux\"><input type=\"checkbox\" name=\"checkbox-4[]\" value=\"genoux\" id=\"forminator-field-checkbox-4-2-69f2f2b6c9068\" data-calculation=\"0\"  \/><span class=\"forminator-checkbox-box\" aria-hidden=\"true\"><\/span><span class=\"forminator-checkbox-label\">genoux<\/span><\/label><label for=\"forminator-field-checkbox-4-3-69f2f2b6c9068\" class=\"forminator-checkbox forminator-checkbox-inline\" title=\"dos complet\"><input type=\"checkbox\" name=\"checkbox-4[]\" value=\"dos-complet\" id=\"forminator-field-checkbox-4-3-69f2f2b6c9068\" data-calculation=\"0\"  \/><span class=\"forminator-checkbox-box\" aria-hidden=\"true\"><\/span><span class=\"forminator-checkbox-label\">dos complet<\/span><\/label><label for=\"forminator-field-checkbox-4-4-69f2f2b6c9068\" class=\"forminator-checkbox forminator-checkbox-inline\" title=\"cuisse\"><input type=\"checkbox\" name=\"checkbox-4[]\" value=\"cuisse\" id=\"forminator-field-checkbox-4-4-69f2f2b6c9068\" data-calculation=\"0\"  \/><span class=\"forminator-checkbox-box\" aria-hidden=\"true\"><\/span><span class=\"forminator-checkbox-label\">cuisse<\/span><\/label><label for=\"forminator-field-checkbox-4-5-69f2f2b6c9068\" class=\"forminator-checkbox forminator-checkbox-inline\" title=\"hanche\"><input type=\"checkbox\" name=\"checkbox-4[]\" value=\"hanche\" id=\"forminator-field-checkbox-4-5-69f2f2b6c9068\" data-calculation=\"0\"  \/><span class=\"forminator-checkbox-box\" aria-hidden=\"true\"><\/span><span class=\"forminator-checkbox-label\">hanche<\/span><\/label><label for=\"forminator-field-checkbox-4-6-69f2f2b6c9068\" class=\"forminator-checkbox forminator-checkbox-inline\" title=\"mollet\"><input type=\"checkbox\" name=\"checkbox-4[]\" value=\"mollet\" id=\"forminator-field-checkbox-4-6-69f2f2b6c9068\" data-calculation=\"0\"  \/><span class=\"forminator-checkbox-box\" aria-hidden=\"true\"><\/span><span class=\"forminator-checkbox-label\">mollet<\/span><\/label><label for=\"forminator-field-checkbox-4-7-69f2f2b6c9068\" class=\"forminator-checkbox forminator-checkbox-inline\" title=\"avant bras\"><input type=\"checkbox\" name=\"checkbox-4[]\" value=\"avant-bras\" id=\"forminator-field-checkbox-4-7-69f2f2b6c9068\" data-calculation=\"0\"  \/><span class=\"forminator-checkbox-box\" aria-hidden=\"true\"><\/span><span class=\"forminator-checkbox-label\">avant bras<\/span><\/label><label for=\"forminator-field-checkbox-4-8-69f2f2b6c9068\" class=\"forminator-checkbox forminator-checkbox-inline\" title=\"poign\u00e9e\"><input type=\"checkbox\" name=\"checkbox-4[]\" value=\"poign\u00e9e\" id=\"forminator-field-checkbox-4-8-69f2f2b6c9068\" data-calculation=\"0\"  \/><span class=\"forminator-checkbox-box\" aria-hidden=\"true\"><\/span><span class=\"forminator-checkbox-label\">poign\u00e9e<\/span><\/label><label for=\"forminator-field-checkbox-4-9-69f2f2b6c9068\" class=\"forminator-checkbox forminator-checkbox-inline\" title=\"main\"><input type=\"checkbox\" name=\"checkbox-4[]\" value=\"main\" id=\"forminator-field-checkbox-4-9-69f2f2b6c9068\" data-calculation=\"0\"  \/><span class=\"forminator-checkbox-box\" aria-hidden=\"true\"><\/span><span class=\"forminator-checkbox-label\">main<\/span><\/label><\/div><\/div><\/div><div class=\"forminator-row\"><div id=\"phone-1\" class=\"forminator-col forminator-col-12 \"><div class=\"forminator-field\"><label for=\"forminator-field-phone-1_69f2f2b6c9068\" class=\"forminator-label\">Num\u00e9ro de t\u00e9l\u00e9phone<\/label><input type=\"text\" name=\"phone-1\" value=\"\" placeholder=\"Par exemple\u00a0: +1 02 03 04 05\" id=\"forminator-field-phone-1_69f2f2b6c9068\" class=\"forminator-input forminator-field--phone\" data-required=\"\" aria-required=\"false\" autocomplete=\"off\" \/><\/div><\/div><\/div><div class=\"forminator-row\"><div id=\"textarea-1\" class=\"forminator-col forminator-col-12 \"><div class=\"forminator-field\"><label for=\"forminator-field-textarea-1_69f2f2b6c9068\" class=\"forminator-label\">Disponibilit\u00e9<\/label><textarea name=\"textarea-1\" placeholder=\"merci d&#039;indiquer plusieurs cr\u00e9neaux\" id=\"forminator-field-textarea-1_69f2f2b6c9068\" class=\"forminator-textarea\" rows=\"6\" style=\"min-height:140px;\" maxlength=\"180\" ><\/textarea><span class=\"forminator-description\"><span data-limit=\"180\" data-type=\"characters\">0 \/ 180<\/span><\/span><\/div><\/div><\/div><div class=\"forminator-row\"><div id=\"upload-1\" class=\"forminator-col forminator-col-12 \"><div class=\"forminator-field\"><label for=\"forminator-field-upload-1_69f2f2b6c9068\" class=\"forminator-label\">J ai mon visuel ou une id\u00e9e du visuel<\/label><div class=\"forminator-file-upload \" data-element=\"upload-1_69f2f2b6c9068\"><input type=\"file\" name=\"upload-1\" id=\"forminator-field-upload-1_69f2f2b6c9068\" class=\"forminator-input-file\" accept=\".jpg,.jpeg,.jpe,.gif,.png,.bmp,.tiff,.tif,.webp,.ico,.heic,.asf,.asx,.wmv,.wmx,.wm,.avi,.divx,.flv,.mov,.qt,.mpeg,.mpg,.mpe,.mp4,.m4v,.ogv,.webm,.mkv,.3gp,.3gpp,.3g2,.3gp2,.txt,.asc,.c,.cc,.h,.srt,.csv,.tsv,.ics,.rtx,.css,.htm,.html,.vtt,.dfxp,.mp3,.m4a,.m4b,.aac,.ra,.ram,.wav,.ogg,.oga,.flac,.mid,.midi,.wma,.wax,.mka,.rtf,.js,.pdf,.class,.tar,.zip,.gz,.gzip,.rar,.7z,.psd,.xcf,.doc,.pot,.pps,.ppt,.wri,.xla,.xls,.xlt,.xlw,.mdb,.mpp,.docx,.docm,.dotx,.dotm,.xlsx,.xlsm,.xlsb,.xltx,.xltm,.xlam,.pptx,.pptm,.ppsx,.ppsm,.potx,.potm,.ppam,.sldx,.sldm,.onetoc,.onetoc2,.onetmp,.onepkg,.oxps,.xps,.odt,.odp,.ods,.odg,.odc,.odb,.odf,.wp,.wpd,.key,.numbers,.pages,.json\"><button id=\"forminator-field-upload-1_69f2f2b6c9068_button\" class=\"forminator-button forminator-button-upload\" data-id=\"forminator-field-upload-1_69f2f2b6c9068\"><span>Choisissez un fichier<\/span><span aria-hidden=\"true\"><\/span><\/button><span data-empty-text=\"Aucun fichier s\u00e9lectionn\u00e9\">Aucun fichier s\u00e9lectionn\u00e9<\/span><button class=\"forminator-button-delete\" style=\"display: none;\"><i class=\"forminator-icon-close\" aria-hidden=\"true\"><\/i><span class=\"forminator-screen-reader-only\">Supprimer le fichier t\u00e9l\u00e9vers\u00e9<\/span><\/button><\/div><\/div><\/div><\/div><div class=\"forminator-row\"><div id=\"captcha-1\" class=\"forminator-col forminator-col-12 \"><div class=\"forminator-g-recaptcha\" data-theme=\"light\"  data-sitekey=\"6LeuzSspAAAAABn8UY7HScemeb8qnocOD-lBJNdM\" data-size=\"normal\"><\/div> <\/div><\/div><input type=\"hidden\" name=\"referer_url\" value=\"\" \/><div class=\"forminator-row forminator-row-last\"><div class=\"forminator-col\"><div class=\"forminator-field\"><button class=\"forminator-button forminator-button-submit\"><span>Envoyer le message<\/span><span aria-hidden=\"true\"><\/span><\/button><\/div><\/div><\/div><input type=\"hidden\" id=\"forminator_nonce\" name=\"forminator_nonce\" value=\"b440a0872b\" \/><input type=\"hidden\" name=\"_wp_http_referer\" value=\"\/index.php\/wp-json\/wp\/v2\/pages\/936\" \/><input type=\"hidden\" name=\"form_id\" value=\"1868\"><input type=\"hidden\" name=\"page_id\" value=\"936\"><input type=\"hidden\" name=\"form_type\" value=\"default\"><input type=\"hidden\" name=\"current_url\" value=\"https:\/\/yureitattooparlour.com\/index.php\/contact\/\"><input type=\"hidden\" name=\"render_id\" value=\"0\"><input type=\"hidden\" name=\"action\" value=\"forminator_submit_form_custom-forms\"><\/form>\t\t<\/div>\n\t\t\t\t<\/div>\n\t\t\t\t\t<\/div>\n\t\t<\/div>\n\t\t\t\t\t\t\t<\/div>\n\t\t<\/section>\n\t\t\t\t\t\t\t<\/div>\n\t\t","protected":false},"excerpt":{"rendered":"<p>CONTACT<\/p>\n","protected":false},"author":1,"featured_media":0,"parent":0,"menu_order":0,"comment_status":"closed","ping_status":"closed","template":"qi-full-width.php","meta":{"spay_email":""},"_links":{"self":[{"href":"https:\/\/yureitattooparlour.com\/index.php\/wp-json\/wp\/v2\/pages\/936"}],"collection":[{"href":"https:\/\/yureitattooparlour.com\/index.php\/wp-json\/wp\/v2\/pages"}],"about":[{"href":"https:\/\/yureitattooparlour.com\/index.php\/wp-json\/wp\/v2\/types\/page"}],"author":[{"embeddable":true,"href":"https:\/\/yureitattooparlour.com\/index.php\/wp-json\/wp\/v2\/users\/1"}],"replies":[{"embeddable":true,"href":"https:\/\/yureitattooparlour.com\/index.php\/wp-json\/wp\/v2\/comments?post=936"}],"version-history":[{"count":15,"href":"https:\/\/yureitattooparlour.com\/index.php\/wp-json\/wp\/v2\/pages\/936\/revisions"}],"predecessor-version":[{"id":1907,"href":"https:\/\/yureitattooparlour.com\/index.php\/wp-json\/wp\/v2\/pages\/936\/revisions\/1907"}],"wp:attachment":[{"href":"https:\/\/yureitattooparlour.com\/index.php\/wp-json\/wp\/v2\/media?parent=936"}],"curies":[{"name":"wp","href":"https:\/\/api.w.org\/{rel}","templated":true}]}}